{"id":2,"date":"2020-02-10T16:03:12","date_gmt":"2020-02-10T15:03:12","guid":{"rendered":"http:\/\/www.somadogs.de\/?page_id=2"},"modified":"2022-03-31T14:14:35","modified_gmt":"2022-03-31T12:14:35","slug":"beispiel-seite","status":"publish","type":"page","link":"https:\/\/www.somadogs.de\/index.php\/beispiel-seite\/","title":{"rendered":"Impressum"},"content":{"rendered":"\n<p>Telefon: +49 (0)170 4849532<br>V.i.S.d.P: Rainer Ro\u00dfbach \/ rr<br>email:\u00a0<a rel=\"noreferrer noopener\" href=\"mailto:rainer.rossbach@icloud.com?rel=outbound\" target=\"_blank\">rainer.rossbach@icloud.com<\/a><br>www.somadogs.de<\/p>\n\n\n\n<p>Namentlich gekennzeichnete Beitr\u00e4ge stimmen nicht immer mit der Meinung der Redaktion \u00fcberein.<\/p>\n\n\n\n<p>Es gelten unsere Nutzungsbedingungen und AGB<\/p>\n\n\n\n<p>Die Aufnahme von\u00a0<strong>Somadogs<\/strong>\u00a0in Online-Dienste, Internet-Angebote, die Vervielf\u00e4ltigung auf Datentr\u00e4ger, der Nachdruck etc., auch auszugsweise, die Verwendung einzelner Artikel oder der Bilder ist ohne vorherige ausdr\u00fcckliche schriftliche Zustimmung des Herausgebers nicht erlaubt.<\/p>\n\n\n\n<p>\u00bbSomadogs\u00ab ist eine registrierte und gesch\u00fctzte Marke.<\/p>\n","protected":false},"excerpt":{"rendered":"<p>Telefon: +49 (0)170 4849532V.i.S.d.P: Rainer Ro\u00dfbach \/ rremail:\u00a0rainer.rossbach@icloud.comwww.somadogs.de Namentlich gekennzeichnete Beitr\u00e4ge stimmen nicht immer mit der Meinung der Redaktion \u00fcberein. Es gelten unsere Nutzungsbedingungen und AGB Die Aufnahme von\u00a0Somadogs\u00a0in Online-Dienste, Internet-Angebote, die Vervielf\u00e4ltigung auf Datentr\u00e4ger, der Nachdruck etc., auch auszugsweise, die Verwendung einzelner Artikel oder der Bilder ist ohne vorherige ausdr\u00fcckliche schriftliche Zustimmung des Herausgebers [&hellip;]<\/p>\n","protected":false},"author":1,"featured_media":0,"parent":0,"menu_order":0,"comment_status":"closed","ping_status":"open","template":"","meta":{"ngg_post_thumbnail":0,"footnotes":""},"class_list":["post-2","page","type-page","status-publish","hentry"],"_links":{"self":[{"href":"https:\/\/www.somadogs.de\/index.php\/wp-json\/wp\/v2\/pages\/2","targetHints":{"allow":["GET"]}}],"collection":[{"href":"https:\/\/www.somadogs.de\/index.php\/wp-json\/wp\/v2\/pages"}],"about":[{"href":"https:\/\/www.somadogs.de\/index.php\/wp-json\/wp\/v2\/types\/page"}],"author":[{"embeddable":true,"href":"https:\/\/www.somadogs.de\/index.php\/wp-json\/wp\/v2\/users\/1"}],"replies":[{"embeddable":true,"href":"https:\/\/www.somadogs.de\/index.php\/wp-json\/wp\/v2\/comments?post=2"}],"version-history":[{"count":3,"href":"https:\/\/www.somadogs.de\/index.php\/wp-json\/wp\/v2\/pages\/2\/revisions"}],"predecessor-version":[{"id":152,"href":"https:\/\/www.somadogs.de\/index.php\/wp-json\/wp\/v2\/pages\/2\/revisions\/152"}],"wp:attachment":[{"href":"https:\/\/www.somadogs.de\/index.php\/wp-json\/wp\/v2\/media?parent=2"}],"curies":[{"name":"wp","href":"https:\/\/api.w.org\/{rel}","templated":true}]}}